{"id":3,"date":"2022-12-28T08:34:52","date_gmt":"2022-12-28T08:34:52","guid":{"rendered":"https:\/\/vin-q.com\/?page_id=3"},"modified":"2023-01-27T23:24:29","modified_gmt":"2023-01-27T22:24:29","slug":"privacy-policy","status":"publish","type":"page","link":"https:\/\/vin-q.com\/ca\/privacy-policy\/","title":{"rendered":"Pol\u00edtica de privacitat"},"content":{"rendered":"<h2 class=\"wp-block-heading\">Qui som<\/h2>\n\n\n\n<p>L&#039;adre\u00e7a del nostre lloc web \u00e9s: <a href=\"https:\/\/vin-q.com\/ca\/\">https:\/\/vin-q.com<\/a>.<\/p>\n\n\n\n<h2 class=\"wp-block-heading\">Comentaris<\/h2>\n\n\n\n<p>Quan els visitants deixen comentaris al lloc, recollim les dades que es mostren al formulari de comentaris, i tamb\u00e9 l&#039;adre\u00e7a IP del visitant i la cadena d&#039;agent d&#039;usuari del navegador per ajudar a la detecci\u00f3 de correu brossa.<\/p>\n\n\n\n<p>Es pot proporcionar una cadena an\u00f2nima creada a partir de la vostra adre\u00e7a de correu electr\u00f2nic (tamb\u00e9 anomenada hash) al servei Gravatar per veure si l&#039;est\u00e0s utilitzant. La pol\u00edtica de privadesa del servei Gravatar est\u00e0 disponible aqu\u00ed: https:\/\/automattic.com\/privacy\/. Despr\u00e9s de l&#039;aprovaci\u00f3 del teu comentari, la teva foto de perfil \u00e9s visible per al p\u00fablic en el context del teu comentari.<\/p>\n\n\n\n<h2 class=\"wp-block-heading\">Mitjans de comunicaci\u00f3<\/h2>\n\n\n\n<p>Si pengeu imatges al lloc web, heu d&#039;evitar penjar imatges amb dades d&#039;ubicaci\u00f3 incrustades (GPS EXIF) incloses. Els visitants del lloc web poden descarregar i extreure qualsevol dada d&#039;ubicaci\u00f3 de les imatges del lloc web.<\/p>\n\n\n\n<h2 class=\"wp-block-heading\">Galetes<\/h2>\n\n\n\n<p>Si deixeu un comentari al nostre lloc, podeu optar per desar el vostre nom, adre\u00e7a de correu electr\u00f2nic i lloc web a les galetes. Aquestes s\u00f3n per a la teva comoditat perqu\u00e8 no hagis d&#039;omplir les teves dades de nou quan deixis un altre comentari. Aquestes galetes duraran un any.<\/p>\n\n\n\n<p>Si visiteu la nostra p\u00e0gina d&#039;inici de sessi\u00f3, establirem una galeta temporal per determinar si el vostre navegador accepta cookies. Aquesta galeta no cont\u00e9 dades personals i es descarta quan tanqueu el navegador.<\/p>\n\n\n\n<p>Quan inicieu sessi\u00f3, tamb\u00e9 configurarem diverses galetes per desar la vostra informaci\u00f3 d&#039;inici de sessi\u00f3 i les vostres opcions de visualitzaci\u00f3 de la pantalla. Les galetes d&#039;inici de sessi\u00f3 duren dos dies i les d&#039;opcions de pantalla un any. Si seleccioneu &quot;Recorda&#039;m&quot;, el vostre inici de sessi\u00f3 es mantindr\u00e0 durant dues setmanes. Si tanqueu la sessi\u00f3 del vostre compte, les galetes d&#039;inici de sessi\u00f3 s&#039;eliminaran.<\/p>\n\n\n\n<p>Si editeu o publiqueu un article, es desar\u00e0 una galeta addicional al vostre navegador. Aquesta galeta no inclou dades personals i simplement indica l&#039;ID de publicaci\u00f3 de l&#039;article que acabeu d&#039;editar. Caduca al cap d&#039;1 dia.<\/p>\n\n\n\n<h2 class=\"wp-block-heading\">Contingut incrustat d&#039;altres llocs web<\/h2>\n\n\n\n<p>Els articles d&#039;aquest lloc poden incloure contingut incrustat (per exemple, v\u00eddeos, imatges, articles, etc.). El contingut incrustat d&#039;altres llocs web es comporta exactament de la mateixa manera que si el visitant hagu\u00e9s visitat l&#039;altre lloc web.<\/p>\n\n\n\n<p>Aquests llocs web poden recopilar dades sobre tu, utilitzar galetes, incrustar un seguiment addicional de tercers i supervisar la teva interacci\u00f3 amb aquest contingut incrustat, incl\u00f2s el seguiment de la teva interacci\u00f3 amb el contingut incrustat si tens un compte i est\u00e0s connectat a aquest lloc web.<\/p>\n\n\n\n<h2 class=\"wp-block-heading\">Amb qui compartim les teves dades<\/h2>\n\n\n\n<p>Si sol\u00b7liciteu un restabliment de la contrasenya, la vostra adre\u00e7a IP s&#039;inclour\u00e0 al correu electr\u00f2nic de restabliment.<\/p>\n\n\n\n<h2 class=\"wp-block-heading\">Quant de temps conservem les vostres dades<\/h2>\n\n\n\n<p>Si deixeu un comentari, el comentari i les seves metadades es conserven indefinidament. Aix\u00f2 \u00e9s perqu\u00e8 puguem recon\u00e8ixer i aprovar qualsevol comentari de seguiment autom\u00e0ticament en lloc de mantenir-los en una cua de moderaci\u00f3.<\/p>\n\n\n\n<p>Per als usuaris que es registren al nostre lloc web (si n&#039;hi ha), tamb\u00e9 emmagatzemem la informaci\u00f3 personal que proporcionen al seu perfil d&#039;usuari. Tots els usuaris poden veure, editar o suprimir la seva informaci\u00f3 personal en qualsevol moment (excepte que no poden canviar el seu nom d&#039;usuari). Els administradors del lloc web tamb\u00e9 poden veure i editar aquesta informaci\u00f3.<\/p>\n\n\n\n<h2 class=\"wp-block-heading\">Quins drets tens sobre les teves dades<\/h2>\n\n\n\n<p>Si teniu un compte en aquest lloc o heu deixat comentaris, podeu sol\u00b7licitar rebre un fitxer exportat de les dades personals que tenim sobre vosaltres, incloses les dades que ens h\u00e0giu proporcionat. Tamb\u00e9 podeu sol\u00b7licitar que esborrem les dades personals que tenim sobre vosaltres. Aix\u00f2 no inclou cap dada que estem obligats a conservar amb finalitats administratives, legals o de seguretat.<\/p>\n\n\n\n<h2 class=\"wp-block-heading\">On s&#039;envien les teves dades<\/h2>\n\n\n\n<p>Els comentaris dels visitants es poden comprovar mitjan\u00e7ant un servei automatitzat de detecci\u00f3 de correu brossa.<\/p>\n\n\n\n<h2 class=\"wp-block-heading\">Recopilaci\u00f3 de dades<\/h2>\n\n\n\n<p>Utilitzem els serveis de Google per generar mapes i proporcionar l&#039;emplenament autom\u00e0tic quan cerquem esdeveniments per ubicaci\u00f3, que poden recopilar dades mitjan\u00e7ant el vostre navegador d&#039;acord amb la normativa de Google.\u00a0<a href=\"https:\/\/policies.google.com\/privacy\">pol\u00edtica de privacitat<\/a>.<\/p>\n\n\n\n<p>Recopilem i emmagatzemem la informaci\u00f3 que ens envieu quan feu una reserva, amb la finalitat de reservar els vostres espais sol\u00b7licitats al nostre esdeveniment i mantenir un registre d&#039;assist\u00e8ncia.<\/p>\n\n\n\n<p>Recopilem i emmagatzemem la informaci\u00f3 que ens envieu sobre els esdeveniments (i les ubicacions corresponents) que voleu publicar al nostre lloc.<\/p>\n\n\n\n<p>Podem utilitzar galetes per emmagatzemar temporalment informaci\u00f3 sobre una reserva en curs, aix\u00ed com qualsevol missatge d&#039;error\/confirmaci\u00f3 mentre enviem o gestionem els vostres esdeveniments i ubicacions.<\/p>\n\n\n\n<p>Quan utilitzeu la inserci\u00f3 de LikeCoin, recopilem autom\u00e0ticament informaci\u00f3 b\u00e0sica dels visitants, com ara l&#039;adre\u00e7a IP, l&#039;agent d&#039;usuari, etc. Aquest tipus d&#039;informaci\u00f3 es pot utilitzar com a finalitat anal\u00edtica. Amb l&#039;objectiu d&#039;aplicar les prefer\u00e8ncies personals del lloc, tamb\u00e9 podr\u00edem identificar un propietari registrat de Liker ID mitjan\u00e7ant l&#039;\u00fas de la galeta. Podeu trobar m\u00e9s detalls a la pol\u00edtica de privadesa de like.co\u00a0<a rel=\"noreferrer noopener\" href=\"https:\/\/like.co\/in\/policies\/privacy\" target=\"_blank\">aqu\u00ed<\/a>.<\/p>\n\n\n\n<h2 class=\"wp-block-heading\">Dades recollides per gestionar la vostra pertinen\u00e7a<\/h2>\n\n\n\n<p>En pagar, recollirem el vostre nom, adre\u00e7a de correu electr\u00f2nic, nom d&#039;usuari i contrasenya. Aquesta informaci\u00f3 s&#039;utilitza per configurar el vostre compte per al nostre lloc. Si se us redirigeix a una passarel\u00b7la de pagament fora del lloc per completar el pagament, \u00e9s possible que emmagatzemem aquesta informaci\u00f3 en una variable de sessi\u00f3 temporal per configurar el vostre compte quan torneu al nostre lloc.<\/p>\n\n\n\n<p>En el moment de pagar, tamb\u00e9 podem recollir la vostra adre\u00e7a de facturaci\u00f3 i el vostre n\u00famero de tel\u00e8fon. Aquesta informaci\u00f3 s&#039;utilitza per confirmar la vostra targeta de cr\u00e8dit. El nostre lloc desa l&#039;adre\u00e7a de facturaci\u00f3 i el n\u00famero de tel\u00e8fon per omplir pr\u00e8viament el formulari de pagament per a futures compres i aix\u00ed ens podem posar en contacte amb tu si cal per discutir la teva comanda.<\/p>\n\n\n\n<p>En el moment de pagar, tamb\u00e9 podem recollir el n\u00famero de la vostra targeta de cr\u00e8dit, la data de caducitat i el codi de seguretat. Aquesta informaci\u00f3 es passa a la nostra passarel\u00b7la de pagament per processar la teva compra. El nostre lloc guarda els darrers 4 d\u00edgits del n\u00famero de la vostra targeta de cr\u00e8dit i la data de caducitat per utilitzar-los com a refer\u00e8ncia i enviar-vos un correu electr\u00f2nic si la vostra targeta de cr\u00e8dit caducar\u00e0 abans del seg\u00fcent pagament recurrent.<\/p>\n\n\n\n<p>Quan inicieu sessi\u00f3, utilitzem galetes per fer un seguiment d&#039;alguna de la vostra activitat al nostre lloc, inclosos els inicis de sessi\u00f3, les visites i les p\u00e0gines vistes.<\/p>\n\n\n\n<h2 class=\"wp-block-heading\">Quines dades personals recollim i per qu\u00e8 les recollim<\/h2>\n\n\n\n<h3 class=\"wp-block-heading\">Dades del perfil<\/h3>\n\n\n\n<p>Quan us registreu al lloc, \u00e9s possible que se us demani que proporcioneu determinades dades personals per mostrar-les al vostre perfil. El camp &quot;Nom&quot; \u00e9s obligatori i p\u00fablic, i els perfils d&#039;usuari s\u00f3n visibles per a qualsevol visitant del lloc. \u00c9s possible que sigui necess\u00e0ria o opcional una altra informaci\u00f3 del perfil, tal com la configura l&#039;administrador del lloc.<\/p>\n\n\n\n<p>La informaci\u00f3 d&#039;usuari proporcionada durant el registre del compte es pot modificar o eliminar al tauler Perfil &gt; Edita. En la majoria dels casos, els usuaris tamb\u00e9 tenen control sobre qui pot veure una part concreta del contingut del perfil, limitant la visibilitat camp per camp nom\u00e9s als amics, usuaris registrats o administradors. Els administradors del lloc poden llegir i editar totes les dades del perfil de tots els usuaris.<\/p>\n\n\n\n<h3 class=\"wp-block-heading\">Activitat<\/h3>\n\n\n\n<p>Aquest lloc registra determinades accions de l&#039;usuari, en forma de dades d&#039;&quot;activitat&quot;. L&#039;activitat inclou actualitzacions i comentaris publicats directament als fluxos d&#039;activitats, aix\u00ed com descripcions d&#039;altres accions realitzades mentre s&#039;utilitza el lloc, com ara noves amistats, grups recentment units i actualitzacions del perfil.<\/p>\n\n\n\n<p>El contingut dels elements d&#039;activitat obeeix les mateixes normes de privadesa que els contextos en qu\u00e8 es creen els elements d&#039;activitat. Per exemple, les actualitzacions d&#039;activitat creades al perfil d&#039;un usuari s\u00f3n visibles p\u00fablicament, mentre que els elements d&#039;activitat generats en un grup privat nom\u00e9s s\u00f3n visibles per als membres d&#039;aquest grup. Els administradors del lloc poden veure tots els elements d&#039;activitat, independentment del context.<\/p>\n\n\n\n<p>Els usuaris que els han creat poden suprimir elements d&#039;activitat en qualsevol moment. Els administradors del lloc poden editar tots els elements d&#039;activitat.<\/p>\n\n\n\n<h3 class=\"wp-block-heading\">Missatges<\/h3>\n\n\n\n<p>El contingut dels missatges privats nom\u00e9s \u00e9s visible per al remitent i els destinataris del missatge. Amb l&#039;excepci\u00f3 dels administradors del lloc, que poden llegir tots els missatges privats, el contingut dels missatges privats mai \u00e9s visible per a altres usuaris o visitants del lloc. Els administradors del lloc poden suprimir el contingut de qualsevol missatge.<\/p>\n\n\n\n<h3 class=\"wp-block-heading\">Galetes<\/h3>\n\n\n\n<p>Utilitzem una galeta per mostrar missatges d&#039;\u00e8xit i frac\u00e0s als usuaris que han iniciat sessi\u00f3, en resposta a determinades accions, com ara unir-se a un grup. Aquestes galetes no contenen dades personals i s&#039;eliminen immediatament despr\u00e9s de la c\u00e0rrega de la p\u00e0gina seg\u00fcent.<\/p>\n\n\n\n<p>Utilitzem galetes als directoris de grups, membres i activitats per fer un seguiment de les prefer\u00e8ncies de navegaci\u00f3 d&#039;un usuari. Aquestes prefer\u00e8ncies inclouen els darrers valors seleccionats dels men\u00fas desplegables d&#039;ordenaci\u00f3 i filtre, aix\u00ed com informaci\u00f3 de paginaci\u00f3. Aquestes galetes no contenen dades personals i s&#039;eliminen al cap de 24 hores.<\/p>\n\n\n\n<p>Quan un usuari que ha iniciat sessi\u00f3 crea un grup nou, fem servir una s\u00e8rie de galetes per fer un seguiment del proc\u00e9s de creaci\u00f3 del grup. Aquestes galetes no contenen dades personals, i s&#039;eliminen en el moment de la creaci\u00f3 correcta del grup o despr\u00e9s de 24 hores.<\/p>\n\n\n\n<h2 class=\"wp-block-heading\">Informaci\u00f3 de contacte<\/h2>\n\n\n\n<p>Per a problemes espec\u00edfics de privadesa, poseu-vos en contacte amb el correu electr\u00f2nic: <a href=\"mailto:info@vin-q.com\">info@vin-q.com<\/a> <\/p>","protected":false},"excerpt":{"rendered":"<p>Who we are Our website address is: https:\/\/vin-q.com. Comments When visitors leave comments on the site we collect the data shown in the comments form, and also the visitor\u2019s IP address and browser user agent string to help spam detection. An anonymized string created from your email address (also called a hash) may be provided [&hellip;]<\/p>\n","protected":false},"author":1,"featured_media":0,"parent":0,"menu_order":0,"comment_status":"closed","ping_status":"open","template":"","meta":{"_bbp_topic_count":0,"_bbp_reply_count":0,"_bbp_total_topic_count":0,"_bbp_total_reply_count":0,"_bbp_voice_count":0,"_bbp_anonymous_reply_count":0,"_bbp_topic_count_hidden":0,"_bbp_reply_count_hidden":0,"_bbp_forum_subforum_count":0,"pmpro_default_level":"","_monsterinsights_skip_tracking":false,"_monsterinsights_sitenote_active":false,"_monsterinsights_sitenote_note":"","_monsterinsights_sitenote_category":0,"footnotes":""},"class_list":{"0":"post-3","1":"page","2":"type-page","3":"status-publish","5":"pmpro-has-access"},"aioseo_notices":[],"_links":{"self":[{"href":"https:\/\/vin-q.com\/ca\/wp-json\/wp\/v2\/pages\/3","targetHints":{"allow":["GET"]}}],"collection":[{"href":"https:\/\/vin-q.com\/ca\/wp-json\/wp\/v2\/pages"}],"about":[{"href":"https:\/\/vin-q.com\/ca\/wp-json\/wp\/v2\/types\/page"}],"author":[{"embeddable":true,"href":"https:\/\/vin-q.com\/ca\/wp-json\/wp\/v2\/users\/1"}],"replies":[{"embeddable":true,"href":"https:\/\/vin-q.com\/ca\/wp-json\/wp\/v2\/comments?post=3"}],"version-history":[{"count":0,"href":"https:\/\/vin-q.com\/ca\/wp-json\/wp\/v2\/pages\/3\/revisions"}],"wp:attachment":[{"href":"https:\/\/vin-q.com\/ca\/wp-json\/wp\/v2\/media?parent=3"}],"curies":[{"name":"wp","href":"https:\/\/api.w.org\/{rel}","templated":true}]}}