{"id":100000221,"date":"2023-01-08T23:11:41","date_gmt":"2023-01-08T22:11:41","guid":{"rendered":"https:\/\/test.vin-q.com\/?page_id=100000221"},"modified":"2023-01-27T18:03:12","modified_gmt":"2023-01-27T17:03:12","slug":"about","status":"publish","type":"page","link":"https:\/\/vin-q.com\/ca\/about\/","title":{"rendered":"Qui som"},"content":{"rendered":"<div class=\"wpb-content-wrapper\"><div class=\"vc_row wpb_row vc_row-fluid\"><div class=\"wpb_column vc_column_container vc_col-sm-12\"><div class=\"vc_column-inner\"><div class=\"wpb_wrapper\">\n\t<div class=\"wpb_text_column wpb_content_element\" >\n\t\t<div class=\"wpb_wrapper\">\n\t\t\t<p>La velocitat i l&#039;impacte del canvi clim\u00e0tic no tenen precedents. Hi ha un consens global que la mitigaci\u00f3 del canvi clim\u00e0tic es pot fer a trav\u00e9s d&#039;un canvi cap <strong>Agricultura Regenerativa Evidenciada<\/strong>, considerat com el futur de l&#039;agricultura. Aquesta estrat\u00e8gia reduiria dr\u00e0sticament les emissions de CO2, eliminaria l&#039;\u00fas de fertilitzants i pesticides, reduiria el consum d&#039;energia i preservaria el s\u00f2l.<\/p>\n<p>Vin-Q \u00e9s la comunitat de co-creaci\u00f3 de viticultors que connecta productors, investigadors i prove\u00efdors de tecnologia en una comunitat de coneixement compartida \u00fanica que facilita i accelera el pas cap a un canvi regeneratiu en l&#039;agricultura.<\/p>\n<blockquote class=\"wp-block-quote is-layout-flow wp-block-quote-is-layout-flow\">\n<p class=\"has-text-align-left has-medium-font-size\"><strong>Vin-Q t\u00e9 com a objectiu iniciar la transici\u00f3 global cap a l&#039;agricultura regenerativa mitjan\u00e7ant una acci\u00f3 col\u00b7lectiva de recerca distribu\u00efda<\/strong><\/p>\n<\/blockquote>\n<p>Mitjan\u00e7ant l&#039;acci\u00f3 col\u00b7lectiva en ci\u00e8ncia descentralitzada, permet a la comunitat analitzar dades de m\u00faltiples fonts i crear serveis i eines per donar suport a la presa de decisions validades cient\u00edficament en gesti\u00f3 agron\u00f2mica.<\/p>\n<p>Un enfocament \u00fanic de la ci\u00e8ncia descentralitzada converteix vinyes disperses i granges individuals amb diferents condicions de s\u00f2l i distribu\u00efdes per diferents zones de microclima en una infraestructura de recerca coherent que permet provar i validar nous m\u00e8todes i eines.<\/p>\n<p>Les participacions i les contribucions dels membres de la comunitat es registren com a reputaci\u00f3 digital a blockchain, que assegura una interacci\u00f3 justa entre m\u00faltiples actors.<\/p>\n<h2>Qu\u00e8 \u00e9s l&#039;agricultura regenerativa?<\/h2>\n<p>L&#039;agricultura regenerativa \u00e9s un m\u00e8tode agr\u00edcola que t\u00e9 com a objectiu millorar la salut del s\u00f2l, la biodiversitat i la funci\u00f3 general de l&#039;ecosistema alhora que produeix aliments i altres productes agr\u00edcoles. En viticultura (conreu de ra\u00efm), alguns m\u00e8todes que s&#039;utilitzen habitualment per a l&#039;agricultura regenerativa inclouen:<\/p>\n<ul>\n<li><strong>Retall de coberta:<\/strong> Aix\u00f2 implica plantar una barreja diversa de plantes anuals i perennes entre les files de vinyes. Els cultius de cobertura poden ajudar a millorar la salut del s\u00f2l afegint mat\u00e8ria org\u00e0nica, reduint l&#039;erosi\u00f3 i augmentant la biodiversitat.\n<\/li>\n<li><strong>Conreu redu\u00eft:<\/strong> Aix\u00f2 implica utilitzar t\u00e8cniques m\u00ednimes de pertorbaci\u00f3 del s\u00f2l, com l&#039;\u00fas d&#039;una aixada o un instrument de conreu baix per controlar les males herbes, en lloc de llaurar o llaurar el s\u00f2l. Aix\u00f2 pot ajudar a millorar l&#039;estructura del s\u00f2l i reduir l&#039;erosi\u00f3.\n<\/li>\n<li><strong>Gesti\u00f3 de la mat\u00e8ria org\u00e0nica:<\/strong> Aix\u00f2 implica utilitzar compost, fems verds i altra mat\u00e8ria org\u00e0nica per millorar la salut del s\u00f2l, la fertilitat i la capacitat de retenci\u00f3 d&#039;aigua.\n<\/li>\n<li><strong>Gesti\u00f3 integrada de plagues:<\/strong> Aix\u00f2 implica utilitzar una varietat de m\u00e8todes no t\u00f2xics, menys t\u00f2xics i org\u00e0nics per mantenir controlades les plagues i les malalties.\n<\/li>\n<li><strong>Conservaci\u00f3 de la biodiversitat:<\/strong> Aix\u00f2 implica preservar i restaurar h\u00e0bitats naturals, zones humides, boscos i altres ecosistemes dins de la propietat de la vinya per augmentar la biodiversitat i els serveis ecol\u00f2gics.<\/li>\n<li><strong>Gesti\u00f3 de l&#039;aigua:<\/strong> Aix\u00f2 implica utilitzar t\u00e8cniques com ara sense conreu, mulch i contorns per reduir l&#039;erosi\u00f3, millorar la infiltraci\u00f3 d&#039;aigua i reduir l&#039;escorrentia.<\/li>\n<\/ul>\n<p>\u00c9s important tenir en compte que aquests m\u00e8todes no s&#039;exclouen m\u00fatuament i que l&#039;agricultura regenerativa sovint implica una combinaci\u00f3 de diverses pr\u00e0ctiques. A m\u00e9s, els m\u00e8todes espec\u00edfics utilitzats dependran de factors com el clima, el tipus de s\u00f2l i els objectius de gesti\u00f3 de la vinya.<\/p>\n<h3 class=\"wp-block-heading\"><strong>Poseu-vos en contacte amb nosaltres per obtenir m\u00e9s detalls o oportunitats de col\u00b7laboraci\u00f3<\/strong><\/h3>\n<div class=\"wpforms-container wpforms-container-full wpforms-block\" id=\"wpforms-100000232\">\n<form id=\"wpforms-form-100000232\" class=\"wpforms-validate wpforms-form wpforms-ajax-form\" data-formid=\"100000232\" method=\"post\" enctype=\"multipart\/form-data\" action=\"\/ca\/wp-json\/wp\/v2\/pages\/100000221\" data-token=\"7f7d477c497714ffbb1d348a0864a277\" data-token-time=\"1777486329\" data-trp-original-action=\"\/ca\/wp-json\/wp\/v2\/pages\/100000221\"><noscript class=\"wpforms-error-noscript\">Activeu el JavaScript al navegador per poder completar el formulari.<\/noscript><\/p>\n<div class=\"wpforms-field-container\">\n<div id=\"wpforms-100000232-field_0-container\" class=\"wpforms-field wpforms-field-name\" data-field-id=\"0\"><label class=\"wpforms-field-label\">Nom <span class=\"wpforms-required-label\">*<\/span><\/label><\/p>\n<div class=\"wpforms-field-row wpforms-field-medium\">\n<div class=\"wpforms-field-row-block wpforms-first wpforms-one-half\"><input type=\"text\" id=\"wpforms-100000232-field_0\" class=\"wpforms-field-name-first wpforms-field-required\" name=\"wpforms&#091;fields&#093;&#091;0&#093;&#091;first&#093;\" required><label for=\"wpforms-100000232-field_0\" class=\"wpforms-field-sublabel after\">Nom<\/label><\/div>\n<div class=\"wpforms-field-row-block wpforms-one-half\"><input type=\"text\" id=\"wpforms-100000232-field_0-last\" class=\"wpforms-field-name-last wpforms-field-required\" name=\"wpforms&#091;fields&#093;&#091;0&#093;&#091;last&#093;\" required><label for=\"wpforms-100000232-field_0-last\" class=\"wpforms-field-sublabel after\">Cognoms<\/label><\/div>\n<\/div>\n<\/div>\n<div id=\"wpforms-100000232-field_1-container\" class=\"wpforms-field wpforms-field-email\" data-field-id=\"1\"><label class=\"wpforms-field-label\" for=\"wpforms-100000232-field_1\">Correu electr\u00f2nic <span class=\"wpforms-required-label\">*<\/span><\/label><input type=\"email\" id=\"wpforms-100000232-field_1\" class=\"wpforms-field-medium wpforms-field-required\" name=\"wpforms&#091;fields&#093;&#091;1&#093;\" spellcheck=\"false\" required><\/div>\n<div id=\"wpforms-100000232-field_2-container\" class=\"wpforms-field wpforms-field-textarea\" data-field-id=\"2\"><label class=\"wpforms-field-label\" for=\"wpforms-100000232-field_2\">Comentari o missatge<\/label><textarea id=\"wpforms-100000232-field_2\" class=\"wpforms-field-medium\" name=\"wpforms&#091;fields&#093;&#091;2&#093;\" placeholder=\"El teu text\" ><\/textarea><\/div>\n<\/div>\n<p><!-- .wpforms-field-container --><\/p>\n<div class=\"wpforms-submit-container\" ><input type=\"hidden\" name=\"wpforms&#091;id&#093;\" value=\"100000232\"><input type=\"hidden\" name=\"page_title\" value=\"\"><input type=\"hidden\" name=\"page_url\" value=\"https:\/\/vin-q.com\/ca\/wp-json\/wp\/v2\/pages\/100000221\"><input type=\"hidden\" name=\"url_referer\" value=\"\"><button type=\"submit\" name=\"wpforms&#091;submit&#093;\" id=\"wpforms-submit-100000232\" class=\"wpforms-submit\" data-alt-text=\"Sending...\" data-submit-text=\"Submit\" aria-live=\"assertive\" value=\"wpforms-submit\">Presentar<\/button><img decoding=\"async\" data-src=\"https:\/\/vin-q.com\/wp-content\/plugins\/wpforms-lite\/assets\/images\/submit-spin.svg\" class=\"wpforms-submit-spinner lazyload\" style=\"--smush-placeholder-width: 26px; --smush-placeholder-aspect-ratio: 26\/26;display: none;\" width=\"26\" height=\"26\" alt=\"S&#039;est\u00e0 carregant\" src=\"data:image\/svg+xml;base64,PHN2ZyB3aWR0aD0iMSIgaGVpZ2h0PSIxIiB4bWxucz0iaHR0cDovL3d3dy53My5vcmcvMjAwMC9zdmciPjwvc3ZnPg==\"><\/div>\n<input type=\"hidden\" name=\"trp-form-language\" value=\"ca\"\/><\/form>\n<\/div>\n<p>  <!-- .wpforms-container --><\/p>\n\n\t\t<\/div>\n\t<\/div>\n<\/div><\/div><\/div><\/div>\n<\/div>","protected":false},"excerpt":{"rendered":"The speed and impact of climate change are unprecedented. There is a global consensus that the mitigation of climate change can be done through a shift towards Evidenced Regenerative Agriculture, considered to become the future of agriculture. This strategy would drastically reduce CO2 emissions, eliminate fertilizers and pesticide use, reduce energy consumption, and preserve soil. [...]","protected":false},"author":1,"featured_media":100000296,"parent":0,"menu_order":0,"comment_status":"closed","ping_status":"closed","template":"","meta":{"_bbp_topic_count":0,"_bbp_reply_count":0,"_bbp_total_topic_count":0,"_bbp_total_reply_count":0,"_bbp_voice_count":0,"_bbp_anonymous_reply_count":0,"_bbp_topic_count_hidden":0,"_bbp_reply_count_hidden":0,"_bbp_forum_subforum_count":0,"pmpro_default_level":"","_monsterinsights_skip_tracking":false,"_monsterinsights_sitenote_active":false,"_monsterinsights_sitenote_note":"","_monsterinsights_sitenote_category":0,"footnotes":""},"class_list":{"0":"post-100000221","1":"page","2":"type-page","3":"status-publish","4":"has-post-thumbnail","6":"pmpro-has-access"},"aioseo_notices":[],"_links":{"self":[{"href":"https:\/\/vin-q.com\/ca\/wp-json\/wp\/v2\/pages\/100000221","targetHints":{"allow":["GET"]}}],"collection":[{"href":"https:\/\/vin-q.com\/ca\/wp-json\/wp\/v2\/pages"}],"about":[{"href":"https:\/\/vin-q.com\/ca\/wp-json\/wp\/v2\/types\/page"}],"author":[{"embeddable":true,"href":"https:\/\/vin-q.com\/ca\/wp-json\/wp\/v2\/users\/1"}],"replies":[{"embeddable":true,"href":"https:\/\/vin-q.com\/ca\/wp-json\/wp\/v2\/comments?post=100000221"}],"version-history":[{"count":0,"href":"https:\/\/vin-q.com\/ca\/wp-json\/wp\/v2\/pages\/100000221\/revisions"}],"wp:featuredmedia":[{"embeddable":true,"href":"https:\/\/vin-q.com\/ca\/wp-json\/wp\/v2\/media\/100000296"}],"wp:attachment":[{"href":"https:\/\/vin-q.com\/ca\/wp-json\/wp\/v2\/media?parent=100000221"}],"curies":[{"name":"wp","href":"https:\/\/api.w.org\/{rel}","templated":true}]}}